{"id":1783,"date":"2022-12-05T12:48:58","date_gmt":"2022-12-05T15:48:58","guid":{"rendered":"https:\/\/alcance.info\/?page_id=1783"},"modified":"2022-12-06T12:13:17","modified_gmt":"2022-12-06T15:13:17","slug":"politica-de-privacidade","status":"publish","type":"page","link":"https:\/\/alcance.info\/?page_id=1783","title":{"rendered":"Pol\u00edtica de Privacidade"},"content":{"rendered":"\t\t<div data-elementor-type=\"wp-page\" data-elementor-id=\"1783\" class=\"elementor elementor-1783\">\n\t\t\t\t\t\t\t\t\t<section class=\"elementor-section elementor-top-section elementor-element elementor-element-1b71226 elementor-section-boxed elementor-section-height-default elementor-section-height-default\" data-id=\"1b71226\" data-element_type=\"section\">\n\t\t\t\t\t\t<div class=\"elementor-container elementor-column-gap-default\">\n\t\t\t\t\t<div class=\"elementor-column elementor-col-100 elementor-top-column elementor-element elementor-element-dfc941f\" data-id=\"dfc941f\" data-element_type=\"column\">\n\t\t\t<div class=\"elementor-widget-wrap elementor-element-populated\">\n\t\t\t\t\t\t\t\t<div class=\"elementor-element elementor-element-ec36287 elementor-widget elementor-widget-image\" data-id=\"ec36287\" data-element_type=\"widget\" data-widget_type=\"image.default\">\n\t\t\t\t<div class=\"elementor-widget-container\">\n\t\t\t<style>\/*! elementor - v3.8.1 - 13-11-2022 *\/\n.elementor-widget-image{text-align:center}.elementor-widget-image a{display:inline-block}.elementor-widget-image a img[src$=\".svg\"]{width:48px}.elementor-widget-image img{vertical-align:middle;display:inline-block}<\/style>\t\t\t\t\t\t\t\t\t\t\t\t\t<a href=\"https:\/\/alcance.info\">\n\t\t\t\t\t\t\t<img decoding=\"async\" width=\"300\" height=\"85\" src=\"https:\/\/alcance.info\/wp-content\/uploads\/2022\/11\/logoAlcance-300x85.png\" class=\"attachment-medium size-medium\" alt=\"\" loading=\"lazy\" srcset=\"https:\/\/alcance.info\/wp-content\/uploads\/2022\/11\/logoAlcance-300x85.png 300w, https:\/\/alcance.info\/wp-content\/uploads\/2022\/11\/logoAlcance-600x170.png 600w, https:\/\/alcance.info\/wp-content\/uploads\/2022\/11\/logoAlcance-1024x291.png 1024w, https:\/\/alcance.info\/wp-content\/uploads\/2022\/11\/logoAlcance-768x218.png 768w, https:\/\/alcance.info\/wp-content\/uploads\/2022\/11\/logoAlcance-1536x436.png 1536w, https:\/\/alcance.info\/wp-content\/uploads\/2022\/11\/logoAlcance-2048x582.png 2048w\" sizes=\"(max-width: 300px) 100vw, 300px\" \/>\t\t\t\t\t\t\t\t<\/a>\n\t\t\t\t\t\t\t\t\t\t\t\t\t\t\t<\/div>\n\t\t\t\t<\/div>\n\t\t\t\t<div class=\"elementor-element elementor-element-ab44070 elementor-widget elementor-widget-heading\" data-id=\"ab44070\" data-element_type=\"widget\" data-widget_type=\"heading.default\">\n\t\t\t\t<div class=\"elementor-widget-container\">\n\t\t\t<style>\/*! elementor - v3.8.1 - 13-11-2022 *\/\n.elementor-heading-title{padding:0;margin:0;line-height:1}.elementor-widget-heading .elementor-heading-title[class*=elementor-size-]>a{color:inherit;font-size:inherit;line-height:inherit}.elementor-widget-heading .elementor-heading-title.elementor-size-small{font-size:15px}.elementor-widget-heading .elementor-heading-title.elementor-size-medium{font-size:19px}.elementor-widget-heading .elementor-heading-title.elementor-size-large{font-size:29px}.elementor-widget-heading .elementor-heading-title.elementor-size-xl{font-size:39px}.elementor-widget-heading .elementor-heading-title.elementor-size-xxl{font-size:59px}<\/style><h2 class=\"elementor-heading-title elementor-size-default\">Pol\u00edtica de Privacidade<\/h2>\t\t<\/div>\n\t\t\t\t<\/div>\n\t\t\t\t<div class=\"elementor-element elementor-element-96b01c5 elementor-widget elementor-widget-text-editor\" data-id=\"96b01c5\" data-element_type=\"widget\" data-widget_type=\"text-editor.default\">\n\t\t\t\t<div class=\"elementor-widget-container\">\n\t\t\t<style>\/*! elementor - v3.8.1 - 13-11-2022 *\/\n.elementor-widget-text-editor.elementor-drop-cap-view-stacked .elementor-drop-cap{background-color:#818a91;color:#fff}.elementor-widget-text-editor.elementor-drop-cap-view-framed .elementor-drop-cap{color:#818a91;border:3px solid;background-color:transparent}.elementor-widget-text-editor:not(.elementor-drop-cap-view-default) .elementor-drop-cap{margin-top:8px}.elementor-widget-text-editor:not(.elementor-drop-cap-view-default) .elementor-drop-cap-letter{width:1em;height:1em}.elementor-widget-text-editor .elementor-drop-cap{float:left;text-align:center;line-height:1;font-size:50px}.elementor-widget-text-editor .elementor-drop-cap-letter{display:inline-block}<\/style>\t\t\t\t<p>A presente Pol\u00edtica de Privacidade (\u201cPol\u00edtica de Privacidade\u201d) regula a coleta, a utiliza\u00e7\u00e3o e o armazenamento de dados coletados atrav\u00e9s das atividades da\u00a0<strong>ALCANCE INFORM\u00c1TICA.<\/strong>, inscrita no CNPJ\/MF sob n\u00ba 01.300.130\/0001-02.<\/p><p><strong>ATEN\u00c7\u00c3O<\/strong>: Ao utilizar os servi\u00e7os da ALCANCE, o Titular de Dados Pessoais (Titular) declara compreender os termos desta Pol\u00edtica e concordar integralmente com eles. Compreende, ainda, que a ALCANCE atua na presta\u00e7\u00e3o de servi\u00e7os de Outsourcing, consultoria, auditoria, per\u00edcias cont\u00e1beis e elabora\u00e7\u00e3o de declara\u00e7\u00f5es de Imposto de Renda.<\/p><p>Em regra geral, a ALCANCE pode ser classificada como operadora no que diz respeito ao tratamento dos dados pessoais de seus clientes. Em algumas situa\u00e7\u00f5es, \u00e9 classificada como controladora, especialmente quando toma decis\u00f5es sobre quais dados coletar e como trat\u00e1-los.<\/p><p>\u200b<\/p><p><strong>1 \u2013 DADOS PESSOAIS COLETADOS:<\/strong><\/p><p><strong>\u200b<\/strong><\/p><p>A ALCANCE poder\u00e1 coletar informa\u00e7\u00f5es e dados pessoais, incluindo-se dados pessoais sens\u00edveis a fim de viabilizar a adequada presta\u00e7\u00e3o dos seus Servi\u00e7os e em cumprimento a obriga\u00e7\u00f5es legais e contratuais. S\u00e3o eles: Nome, RG, CPF, telefone particular, e-mail pessoal, endere\u00e7o comercial, telefone comercial, e-mail corporativo, cargo, conta banc\u00e1ria e dados de pagamento, dados cadastrais em m\u00eddias sociais, fotos, imagens, v\u00eddeos, dados fonogr\u00e1ficos, registros criminais, extratos banc\u00e1rios, informa\u00e7\u00f5es do Imposto de Renda, documentos cont\u00e1beis, fiscais, societ\u00e1rios e gerenciais.<\/p><p>\u200b<\/p><p>Para confirmar a veracidade dos Dados Pessoais, a ALCANCE poder\u00e1 se utilizar de todos os meios legais, embora n\u00e3o se responsabilize, em hip\u00f3tese nenhuma, por dados incorretos ou n\u00e3o verdadeiros informados pelo Titular. Portanto, o Titular garante e assume responsabilidade pela veracidade, exatid\u00e3o e autenticidade de todos os dados que fornecer \u00e0 ALCANCE.<\/p><p>\u200b<\/p><p><strong>A SUBMISS\u00c3O DE DADOS \u00c0 ALCANCE PELO TITULAR \u00c9 ATO DE MANIFESTA\u00c7\u00c3O LIVRE E INEQU\u00cdVOCA DE VONTADE, ATRAV\u00c9S DO QUAL O TITULAR CONSENTE EXPRESSAMENTE COM O TRATAMENTO DESSES DADOS E ENTENDE QUE A FALTA DE QUALQUER DOS DADOS SOLICITADOS PODER\u00c1 AFETAR A QUALIDADE DOS SERVI\u00c7OS PRESTADOS.<\/strong><\/p><p><strong>\u200b<\/strong><\/p><p>Em qualquer hip\u00f3tese, a ALCANCE compromete-se a coletar somente os dados pessoais necess\u00e1rios para a presta\u00e7\u00e3o de cada Servi\u00e7o, ou seja, busca sempre garantir a minimiza\u00e7\u00e3o da coleta de dados pessoais.<\/p><p>\u200b<\/p><p>Os dados pessoais fornecidos \u00e0 ALCANCE ser\u00e3o mantidos em sigilo e divulgados na medida necess\u00e1ria e apenas em casos de indispensabilidade para a execu\u00e7\u00e3o dos Servi\u00e7os, cumprimento de obriga\u00e7\u00e3o legal ou processual ou ainda, conforme consentimento do Titular. Quando necess\u00e1rio, os referidos dados ser\u00e3o anonimizados.<\/p><p>\u200b<\/p><p>Os Servi\u00e7os oferecidos pela ALCANCE s\u00e3o din\u00e2micos e poder\u00e3o ensejar a coleta de outros dados e informa\u00e7\u00f5es. Caso ocorra alguma mudan\u00e7a nas finalidades, os Titulares ser\u00e3o notificados e ter\u00e3o o prazo de 10 (dez) dias para retirar o seu consentimento, nos termos descritos na presente Pol\u00edtica de Privacidade.<\/p><p>\u200b<\/p><p><strong>2 \u2013 FINALIDADES DA COLETA DE DADOS:<\/strong><\/p><p><strong>\u200b<\/strong><\/p><p>Os Dados Pessoais dos Titulares ser\u00e3o utilizados para as seguintes finalidades:<\/p><p>\u200b<\/p><ol><li>Prestar, gerenciar, administrar, ampliar e melhorar os Servi\u00e7os da ALCANCE;<\/li><li>Cumprir obriga\u00e7\u00f5es contratuais;<\/li><li>Cumprir obriga\u00e7\u00f5es legais, fiscais e ordens judiciais que sejam aplic\u00e1veis. Esta obriga\u00e7\u00e3o continua existindo inclusive depois de terminada a rela\u00e7\u00e3o contratual, caso necess\u00e1rio;<\/li><li>Atender adequadamente \u00e0s solicita\u00e7\u00f5es e d\u00favidas dos Titulares;<\/li><li>Informar os Titulares sobre novidades, funcionalidades, conte\u00fados, not\u00edcias e demais eventos relevantes para a manuten\u00e7\u00e3o do relacionamento;<\/li><li>Divulgar depoimentos dos clientes;<\/li><li>Enviar avisos e notifica\u00e7\u00f5es importantes no que tange, por exemplo, \u00e0s condi\u00e7\u00f5es e Pol\u00edticas de Uso e Privacidade;<\/li><li>Colaborar e\/ou cumprir requisi\u00e7\u00e3o por autoridade administrativa; e<\/li><li>Compartilhar os dados coletados com parceiros da ALCANCE.<\/li><\/ol><p>\u200b<\/p><p>A ALCANCE poder\u00e1 firmar parcerias com empresas terceiras independentes, voltadas \u00e0 otimiza\u00e7\u00e3o da experi\u00eancia do Titular, incluindo, mas n\u00e3o se limitando a buscadores de internet e fornecedores de produtos ou servi\u00e7os (\u201cParceiros\u201d). Neste caso, respeitado o estrito cumprimento do contrato e o anonimato dos Titulares, os dados fornecidos pelo Titular \u00e0 ALCANCE poder\u00e3o ser compartilhados com os Parceiros, que dever\u00e3o observar a Pol\u00edtica de Privacidade adotada pela ALCANCE. <strong>O TITULAR DESDE J\u00c1 CONSENTE COM O COMPARTILHAMENTO DE DADOS QUANDO NECESS\u00c1RIO PARA A OBTEN\u00c7\u00c3O DE BENEF\u00cdCIOS.<\/strong><\/p><p><strong>\u200b<\/strong><\/p><p><strong>3 \u2013 NOTIFICA\u00c7\u00d5ES AOS TITULARES:<\/strong><\/p><p><strong>\u200b<\/strong><\/p><p>Ao utilizar nossos Servi\u00e7os, o Titular autoriza a ALCANCE a realizar liga\u00e7\u00f5es, enviar mensagens por WhatsApp, correios eletr\u00f4nicos ou qualquer outra aplica\u00e7\u00e3o voltada a este fim e\/ou SMS, notifica\u00e7\u00f5es por push e\/ou em aplicativos, com conte\u00fado de natureza informativa e promocional estritamente relacionados aos Servi\u00e7os. Se o Titular desejar revogar a autoriza\u00e7\u00e3o concedida, dever\u00e1 enviar declara\u00e7\u00e3o contendo nome completo e n\u00famero de telefone ao endere\u00e7o de e-mail: <a href=\"mailto:reginaldo.dantas@alcance.info\">reginaldo.dantas@alcance.info<\/a><\/p><p>\u200b<\/p><p>As notifica\u00e7\u00f5es feitas via e-mail s\u00e3o importantes para a intera\u00e7\u00e3o com o Titular e s\u00e3o inerentes para a presta\u00e7\u00e3o dos Servi\u00e7os da ALCANCE.<\/p><p>\u200b<\/p><p><strong>4 \u2013 USO DE COOKIES E OUTRAS TECNOLOGIAS:<\/strong><\/p><p><strong>\u200b<\/strong><\/p><p>O Site da ALCANCE utilizar\u00e1 cookies ou outras tecnologias de identifica\u00e7\u00e3o para ajudar a personalizar a sua experi\u00eancia. Cookies s\u00e3o pequenos arquivos de texto armazenados na mem\u00f3ria do computador. Um cookie cont\u00e9m informa\u00e7\u00f5es, inclusive pessoais, que poder\u00e3o ser lidas posteriormente por um servidor localizado no dom\u00ednio que o emitiu. As informa\u00e7\u00f5es e os dados que os cookies coletam incluem a data e o hor\u00e1rio da visita do Titular, hist\u00f3rico de navega\u00e7\u00e3o etc.<\/p><p>\u200b<\/p><p>Os cookies trazem diversos benef\u00edcios, uma vez que permitem identificar Titulares antigos quando eles retornam \u00e0 Plataforma, possibilitando seu direcionamento a conte\u00fado personalizado e\/ou servi\u00e7os similares. Os cookies tamb\u00e9m poupam tempo, tornando desnecess\u00e1rio inserir as mesmas informa\u00e7\u00f5es e dados diversas vezes.<\/p><p>\u200b<\/p><p>Tais tecnologias poder\u00e3o ser desativadas a qualquer tempo pelo Titular pela altera\u00e7\u00e3o das configura\u00e7\u00f5es de seu navegador ou dispositivo. Contudo, importante notar que algumas funcionalidades da Plataforma poder\u00e3o n\u00e3o funcionar adequadamente em raz\u00e3o desta configura\u00e7\u00e3o.<\/p><p><strong>5 \u2013 SEGURAN\u00c7A DE SEUS DADOS PESSOAIS E DADOS PESSOAIS SENS\u00cdVEIS:<\/strong><\/p><p><strong>\u200b<\/strong><\/p><p>A seguran\u00e7a dos dados compartilhados pelo Titular \u00e9 muito importante para a ALCANCE, que adota todas as medidas necess\u00e1rias para proteger os dados coletados contra a perda, roubo ou demais modalidades de uso indevido e acesso n\u00e3o autorizado, mas sem garantia de infalibilidade, de modo que a ALCANCE se exime de quaisquer responsabilidades por eventuais danos e\/ou preju\u00edzos decorrentes de falhas, v\u00edrus ou invas\u00f5es ao banco de dados, salvo nos casos em que for devidamente comprovada a sua culpa exclusiva.<\/p><p>\u200b<\/p><p>A ALCANCE segue os seguintes padr\u00f5es de seguran\u00e7a, recomendados pelas autoridades competentes, para proteger os dados coletados:<\/p><p>\u200b<\/p><ol><li>a) Utiliza\u00e7\u00e3o de m\u00e9todos padr\u00f5es e de mercado para criptografar e anonimizar os dados coletados, assim como formas padr\u00f5es de encripta\u00e7\u00e3o para garantir sua inviolabilidade;<\/li><\/ol><p>\u200b<\/p><ol><li>b) Emprego de softwares de alta tecnologia para prote\u00e7\u00e3o contra acesso n\u00e3o autorizado aos sistemas, os quais s\u00e3o considerados como ambiente controlado e de seguran\u00e7a;<\/li><\/ol><p>\u200b<\/p><ol><li>c) Acesso possibilitado aos locais onde s\u00e3o armazenadas as informa\u00e7\u00f5es apenas \u00e0s pessoas previamente autorizadas, comprometidas a manter tais informa\u00e7\u00f5es em sigilo absoluto, o qual, se inobservado, acarretar\u00e1 responsabilidade civil e as consequ\u00eancias de uma medida judicial nos moldes da legisla\u00e7\u00e3o brasileira;<\/li><\/ol><p>\u200b<\/p><ol start=\"8\"><li>d) Utiliza\u00e7\u00e3o de mecanismos de autentica\u00e7\u00e3o de acesso aos registros capazes de individualizar o respons\u00e1vel pelo tratamento dos registros, conforme determinado pelo artigo 13 do Decreto n\u00ba 8.771\/2016 e a Lei n\u00ba 13.709\/2018; e<\/li><\/ol><p>\u200b<\/p><ol start=\"8\"><li>e) Elabora\u00e7\u00e3o de invent\u00e1rio contendo o momento, a dura\u00e7\u00e3o, a identidade do funcion\u00e1rio ou do respons\u00e1vel pelo acesso designado pela empresa e o arquivo acessado, com base nos registros de conex\u00e3o e de acesso a aplica\u00e7\u00f5es, nos termos do artigo 13 do Decreto n\u00ba 8.771\/2016 na Lei n\u00ba 13.709\/2018.<\/li><\/ol><p>\u200b<\/p><p><strong>6 \u2013 COMPARTILHAMENTO E DIVULGA\u00c7\u00c3O DE DADOS:\u00a0<\/strong>Todas as informa\u00e7\u00f5es coletadas sobre o Titular s\u00e3o consideradas pela ALCANCE como confidenciais.<\/p><p>\u200b<\/p><p><strong>O Titular desde j\u00e1 consente com o compartilhamento de seus dados, conforme o artigo 7\u00ba, \u00a75\u00ba da Lei n\u00ba 13.709\/2018, para as finalidades referidas nesta Pol\u00edtica de Privacidade e com terceiros nas situa\u00e7\u00f5es:<\/strong><\/p><p><strong>\u200b<\/strong><\/p><ol><li>a) Com as empresas parceiras da ALCANCE e suas subsidi\u00e1rias, a fim de viabilizar adequada presta\u00e7\u00e3o de Servi\u00e7os;<\/li><\/ol><p>\u200b<\/p><ol><li>b) Em caso de transa\u00e7\u00f5es e altera\u00e7\u00f5es societ\u00e1rias envolvendo a ALCANCE, quando a transfer\u00eancia das informa\u00e7\u00f5es for fundamental \u00e0 continuidade dos Servi\u00e7os; ou<\/li><\/ol><p>\u200b<\/p><ol><li>c) Mediante ordem judicial ou pelo requerimento de autoridades administrativas que detenham compet\u00eancia legal para sua requisi\u00e7\u00e3o.<\/li><\/ol><p>\u200b<\/p><p>O uso, acesso e compartilhamento dos dados coletados pela ALCANCE ser\u00e3o feitos dentro dos limites e prop\u00f3sitos dos Servi\u00e7os prestados, podendo ser disponibilizados para consulta e cedidos aos parceiros de neg\u00f3cios da ALCANCE, fornecedores e autoridades, desde que obedecido ao disposto na presente Pol\u00edtica de Privacidade.<\/p><p>\u200b<\/p><p><strong>7 \u2013 TRANSFER\u00caNCIA INTERNACIONAL DE DADOS:<\/strong><\/p><p><strong>\u200b<\/strong><\/p><p>A ALCANCE possui sua sede no Brasil e os dados que coletamos s\u00e3o regidos pela lei brasileira.<\/p><p>\u200b<\/p><p>A ALCANCE transfere os dados pessoais coletados no Brasil para servidores localizados no Estados Unidos, Israel e Su\u00ed\u00e7a. Essa transfer\u00eancia ocorre para parceiros da ALCANCE que atuam no tratamento de dados pessoais e envolve empresas que demonstraram estar em processo de conformidade ou em conformidade com as legisla\u00e7\u00f5es de prote\u00e7\u00e3o de dados aplic\u00e1veis.<\/p><p>\u200b<\/p><p>Ao acessar ou usar os servi\u00e7os da ALCANCE ou fornecer seus dados pessoais, o Usu\u00e1rio concorda com o tratamento e a transfer\u00eancia de tais dados para o Brasil e para Estados Unidos, Israel e Su\u00ed\u00e7a. Tais dados, ao serem transferidos para Estados Unidos, Israel e Su\u00ed\u00e7a, poder\u00e3o estar sujeitos \u00e0 legisla\u00e7\u00e3o local e as regras pertinentes.<\/p><p>\u200b<\/p><p><strong>8 \u2013 ACESSO AOS DADOS:<\/strong><\/p><p><strong>\u200b<\/strong><\/p><p>A ALCANCE garante que utiliza a pol\u00edtica do acesso limitado, isto \u00e9, os dados e informa\u00e7\u00f5es pessoais dos Titulares s\u00e3o limitados apenas \u00e0queles cuja fun\u00e7\u00e3o exige o contato com dados pessoais e para as finalidades e nos limites desta Pol\u00edtica.<\/p><p>\u200b<\/p><p><strong>9 \u2013 SUSPEITA DE VIOLA\u00c7\u00c3O DE DADOS:<\/strong><\/p><p>Em caso de suspeita de viola\u00e7\u00e3o de dados pessoais, a ALCANCE notificar\u00e1 os Titulares que possam ter sido afetados e rastrear\u00e1 todas as atividades realizadas no \u00faltimo per\u00edodo desde a \u00faltima suspeita.<\/p><p><strong>10 \u2013 DIREITOS DO TITULAR DE DADOS:<\/strong><\/p><p>O Titular poder\u00e1 exercer os direitos de Acesso, Retifica\u00e7\u00e3o, Cancelamento e Oposi\u00e7\u00e3o. Apenas os dados identific\u00e1veis s\u00e3o pass\u00edveis do exerc\u00edcio de tais direitos. Os direitos do Titular compreendem:<\/p><p>\u200b<\/p><ol><li>Direito de acesso: permite que o Titular conhe\u00e7a e obtenha informa\u00e7\u00f5es sobre os dados pessoais sujeitos a processamento;<\/li><li>Direito de retifica\u00e7\u00e3o ou exclus\u00e3o: permite a corre\u00e7\u00e3o de erros e a modifica\u00e7\u00e3o de dados imprecisos e incompletos;<\/li><li>Direito de cancelamento: permite a exclus\u00e3o de dados inadequados ou excessivos;<\/li><li>Direito de oposi\u00e7\u00e3o: direito do Titular de impedir o tratamento dos seus dados pessoais ou de cessar o processamento em curso;<\/li><li>Direito de restringir o processamento: envolve a marca\u00e7\u00e3o de dados pessoais armazenados para restringir seu tratamento futuro;<\/li><li>Portabilidade de dados: fornecimento de dados do Titular que estiver sujeito a processamento para que possa ser transferida para outro controlador sem impedimentos; e<\/li><li>Direito de retirar o consentimento dado a qualquer momento, na forma do artigo 18 da Lei n\u00ba 13.709\/2018, podendo o Titular requisitar que seus dados sejam eliminados, independentemente do consentimento fornecido em dado momento.<\/li><\/ol><p>O Titular fica ciente de que a ALCANCE poder\u00e1 manter o tratamento de determinados dados pessoais para as finalidades descritas no artigo 16 da Lei n\u00b0 13.709\/2018, em especial para cumprimento de obriga\u00e7\u00e3o legal ou regulat\u00f3ria.<\/p><p>\u200b<\/p><p>A ALCANCE reserva-se o direito de utilizar todos os meios l\u00edcitos necess\u00e1rios para aferir a identidade daqueles que solicitam o exerc\u00edcio dos direitos descritos acima de modo a comprovar tratar-se, de fato, dos respectivos Titulares de dados.<\/p><p>\u200b<\/p><p><strong>11 \u2013 REVOGA\u00c7\u00c3O DO CONSENTIMENTO:<\/strong><\/p><p><strong>\u200b<\/strong><\/p><p>A ALCANCE empregar\u00e1 os melhores esfor\u00e7os para responder a todos os pedidos leg\u00edtimos de revoga\u00e7\u00e3o do consentimento, agindo para isso no prazo de at\u00e9 15 (quinze) dias. Ocasionalmente, pode demorar at\u00e9 30 (trinta) dias \u00fateis, caso a solicita\u00e7\u00e3o seja particularmente complexa ou caso o Titular tenha feito v\u00e1rias solicita\u00e7\u00f5es. Caso demore mais do que o previsto, o Titular ser\u00e1 notificado.<\/p><p><strong>12 \u2013 RETEN\u00c7\u00c3O DOS DADOS PESSOAIS:<\/strong><\/p><p>\u200b<\/p><p>A ALCANCE manter\u00e1 os dados pessoais do Titular somente pelo tempo que for necess\u00e1rio para cumprir as finalidades para as quais os coleta e trata, inclusive para fins de cumprimento de obriga\u00e7\u00f5es legais, contratuais, de presta\u00e7\u00e3o de contas ou requisi\u00e7\u00e3o de autoridades competentes.<\/p><p>\u200b<\/p><p>Para determinar o per\u00edodo de reten\u00e7\u00e3o adequado para os dados pessoais, a ALCANCE considera a quantidade, a natureza e a sensibilidade dos dados pessoais, o risco potencial de poss\u00edveis incidentes de seguran\u00e7a que possam ocorrer, a finalidade de processamento dos dados pessoais.<\/p><p>\u200b<\/p><p><strong>13 \u2013 ALTERA\u00c7\u00d5ES DA POL\u00cdTICA DE PRIVACIDADE:<\/strong><\/p><p><strong>\u200b<\/strong><\/p><p>A ALCANCE reserva-se ao direito de alterar a Pol\u00edtica de Privacidade, bem como qualquer outra pol\u00edtica da Plataforma, a qualquer momento e ao seu exclusivo crit\u00e9rio. As altera\u00e7\u00f5es entrar\u00e3o em vigor no momento da respectiva publica\u00e7\u00e3o na Plataforma. O uso desta depois da publica\u00e7\u00e3o constituir\u00e1 aceita\u00e7\u00e3o de eventuais altera\u00e7\u00f5es da Pol\u00edtica de Privacidade. Se o Titular n\u00e3o concordar com os termos alterados da Pol\u00edtica de Privacidade, dever\u00e1 descontinuar o uso da Plataforma.<\/p><p>\u200b<\/p><p>No caso de altera\u00e7\u00f5es significativas desta Pol\u00edtica de Privacidade ou da forma como a ALCANCE usa as informa\u00e7\u00f5es dos Titulares, a ALCANCE promover\u00e1 esfor\u00e7os razo\u00e1veis para dar publicidade a estas altera\u00e7\u00f5es, como uma mensagem no Site. A continuidade do uso da ferramenta ap\u00f3s tais modifica\u00e7\u00f5es ser\u00e1 reputada como aceita\u00e7\u00e3o das altera\u00e7\u00f5es introduzidas.<\/p><p>\u200b<\/p><p><strong>14 \u2013 PERGUNTAS E ESCLARECIMENTOS:<\/strong><\/p><p><strong>\u200b<\/strong><\/p><p>O Titular poder\u00e1 entrar em contato com a ALCANCE, inclusive para buscar esclarecimentos sobre a Pol\u00edtica de Privacidade pelo e-mail: <a href=\"mailto:reginaldo.dantas@alcance.info\">reginaldo.dantas@alcance.info<\/a><\/p><p>O Titular declara ter lido, entendido e aceitado todas as regras, condi\u00e7\u00f5es e obriga\u00e7\u00f5es estabelecidas na presente Pol\u00edtica de Privacidade.<\/p><p>\u200b<\/p><p><strong>Atualizado pela \u00faltima vez em 05\/12\/2022<\/strong><\/p>\t\t\t\t\t\t<\/div>\n\t\t\t\t<\/div>\n\t\t\t\t\t<\/div>\n\t\t<\/div>\n\t\t\t\t\t\t\t<\/div>\n\t\t<\/section>\n\t\t\t\t\t\t\t<\/div>\n\t\t","protected":false},"excerpt":{"rendered":"<p>Pol\u00edtica de Privacidade A presente Pol\u00edtica de Privacidade (\u201cPol\u00edtica de Privacidade\u201d) regula a coleta, a utiliza\u00e7\u00e3o e o armazenamento de dados coletados atrav\u00e9s das atividades da\u00a0ALCANCE INFORM\u00c1TICA., inscrita no CNPJ\/MF sob n\u00ba 01.300.130\/0001-02. ATEN\u00c7\u00c3O: Ao utilizar os servi\u00e7os da ALCANCE, o Titular de Dados Pessoais (Titular) declara compreender os termos desta Pol\u00edtica e concordar integralmente [&hellip;]<\/p>\n","protected":false},"author":1,"featured_media":0,"parent":0,"menu_order":0,"comment_status":"closed","ping_status":"closed","template":"elementor_canvas","meta":{"om_disable_all_campaigns":false,"_mi_skip_tracking":false},"aioseo_notices":[],"_links":{"self":[{"href":"https:\/\/alcance.info\/index.php?rest_route=\/wp\/v2\/pages\/1783"}],"collection":[{"href":"https:\/\/alcance.info\/index.php?rest_route=\/wp\/v2\/pages"}],"about":[{"href":"https:\/\/alcance.info\/index.php?rest_route=\/wp\/v2\/types\/page"}],"author":[{"embeddable":true,"href":"https:\/\/alcance.info\/index.php?rest_route=\/wp\/v2\/users\/1"}],"replies":[{"embeddable":true,"href":"https:\/\/alcance.info\/index.php?rest_route=%2Fwp%2Fv2%2Fcomments&post=1783"}],"version-history":[{"count":40,"href":"https:\/\/alcance.info\/index.php?rest_route=\/wp\/v2\/pages\/1783\/revisions"}],"predecessor-version":[{"id":1903,"href":"https:\/\/alcance.info\/index.php?rest_route=\/wp\/v2\/pages\/1783\/revisions\/1903"}],"wp:attachment":[{"href":"https:\/\/alcance.info\/index.php?rest_route=%2Fwp%2Fv2%2Fmedia&parent=1783"}],"curies":[{"name":"wp","href":"https:\/\/api.w.org\/{rel}","templated":true}]}}